{"id":2306,"date":"2019-09-13T10:08:26","date_gmt":"2019-09-13T10:08:26","guid":{"rendered":"https:\/\/www.aclinicadent.com\/?page_id=2306"},"modified":"2024-11-29T12:04:28","modified_gmt":"2024-11-29T12:04:28","slug":"hekimlerimiz","status":"publish","type":"page","link":"https:\/\/www.aclinicadent.com\/ar\/hekimlerimiz\/","title":{"rendered":"\u0623\u0637\u0628\u0627\u0624\u0646\u0627"},"content":{"rendered":"<div data-elementor-type=\"wp-page\" data-elementor-id=\"2306\" class=\"elementor elementor-2306\">\n\t\t\t\t\t\t<section class=\"elementor-section elementor-top-section elementor-element elementor-element-4663594 elementor-section-boxed elementor-section-height-default elementor-section-height-default\" data-id=\"4663594\" data-element_type=\"section\" data-e-type=\"section\">\n\t\t\t\t\t\t<div class=\"elementor-container elementor-column-gap-default\">\n\t\t\t\t\t<div class=\"elementor-column elementor-col-100 elementor-top-column elementor-element elementor-element-f7964ac\" data-id=\"f7964ac\" data-element_type=\"column\" data-e-type=\"column\">\n\t\t\t<div class=\"elementor-widget-wrap elementor-element-populated\">\n\t\t\t\t\t\t<div class=\"elementor-element elementor-element-64a510a elementor-widget elementor-widget-medizco-doctors\" data-id=\"64a510a\" data-element_type=\"widget\" data-e-type=\"widget\" data-widget_type=\"medizco-doctors.default\">\n\t\t\t\t<div class=\"elementor-widget-container\">\n\t\t\t\t\t\n        <div class=\"medizco_doctors medizco_doctors_filter\" data-rtl=\"1\">\n                <ul class=\"filter_nav d-flex flex-wrap justify-content-center\">\n                    <li class=\"filter active\" data-filter=\".agiz-dis-ve-cene-cerrahisi\">\u062c\u0631\u0627\u062d\u0629 \u0627\u0644\u0648\u062c\u0647 \u0648 \u0627\u0644\u0641\u0643\u064a\u0646<\/li>\n                        <li class=\"filter\" data-filter=\".genel-dis-hekimi\">\u0637\u0628\u064a\u0628 \u0623\u0633\u0646\u0627\u0646 \u0639\u0627\u0645<\/li>\n                        <li class=\"filter\" data-filter=\".pedodonti-cocuk-dis-hekimligi\">\u0637\u0628 \u0623\u0633\u0646\u0627\u0646 \u0627\u0644\u0623\u0637\u0641\u0627\u0644 (\u0637\u0628 \u0623\u0633\u0646\u0627\u0646 \u0627\u0644\u0623\u0637\u0641\u0627\u0644)<\/li>\n                        <li class=\"filter\" data-filter=\".periodontoloji-dis-eti-hastaliklari\">\u0623\u0645\u0631\u0627\u0636 \u0627\u0644\u0644\u062b\u0629 (\u0623\u0645\u0631\u0627\u0636 \u0627\u0644\u0644\u062b\u0629)<\/li>\n                        <li class=\"filter\" data-filter=\".protetik-dis-hekimligi-protez\">\u0637\u0628 \u0627\u0644\u0623\u0633\u0646\u0627\u0646 \u0627\u0644\u0627\u0635\u0637\u0646\u0627\u0639\u064a (\u0627\u0644\u0623\u0637\u0631\u0627\u0641 \u0627\u0644\u0627\u0635\u0637\u0646\u0627\u0639\u064a\u0629)<\/li>\n                <\/ul>\n<div class=\"filter_items row\"><div class=\"filter_item mix col-lg-3 col-md-6 col-sm-12 genel-dis-hekimi\">\n<div class=\"doctor_box\">\n    <div class=\"doctor_box_img\">\n        <img fetchpriority=\"high\" decoding=\"async\" width=\"768\" height=\"768\" src=\"https:\/\/www.aclinicadent.com\/wp-content\/uploads\/2024\/02\/can-ahmet-768x768.webp\" class=\"attachment-medium_large size-medium_large wp-post-image\" alt=\"\" srcset=\"https:\/\/www.aclinicadent.com\/wp-content\/uploads\/2024\/02\/can-ahmet-768x768.webp 768w, https:\/\/www.aclinicadent.com\/wp-content\/uploads\/2024\/02\/can-ahmet-300x300.webp 300w, https:\/\/www.aclinicadent.com\/wp-content\/uploads\/2024\/02\/can-ahmet-150x150.webp 150w, https:\/\/www.aclinicadent.com\/wp-content\/uploads\/2024\/02\/can-ahmet-12x12.webp 12w, https:\/\/www.aclinicadent.com\/wp-content\/uploads\/2024\/02\/can-ahmet.webp 1000w\" sizes=\"(max-width: 768px) 100vw, 768px\" \/>            <\/div>\n\n    <!--     array(1) {\n  [\"type\"]=>\n  string(4) \"none\"\n}\n     -->\n\n        \n\n    <div class=\"doctor_box_content\">\n        <h3 class=\"doctor_box_title\">\u062f\u062a. \u0643\u0627\u0646 \u0623\u062d\u0645\u062f \u0623\u0648\u0646\u0627\u0644<\/h3>\n\n            <\/div>\n\n    <a href=\"https:\/\/www.aclinicadent.com\/ar\/doctor\/dt-can-ahmed-unal\/\" class=\"doctor_box_link\"><\/a>\n<\/div>\n<\/div><div class=\"filter_item mix col-lg-3 col-md-6 col-sm-12 agiz-dis-ve-cene-cerrahisi\">\n<div class=\"doctor_box\">\n    <div class=\"doctor_box_img\">\n        <img decoding=\"async\" width=\"768\" height=\"768\" src=\"https:\/\/www.aclinicadent.com\/wp-content\/uploads\/2024\/02\/timur-768x768.webp\" class=\"attachment-medium_large size-medium_large wp-post-image\" alt=\"\" srcset=\"https:\/\/www.aclinicadent.com\/wp-content\/uploads\/2024\/02\/timur-768x768.webp 768w, https:\/\/www.aclinicadent.com\/wp-content\/uploads\/2024\/02\/timur-300x300.webp 300w, https:\/\/www.aclinicadent.com\/wp-content\/uploads\/2024\/02\/timur-150x150.webp 150w, https:\/\/www.aclinicadent.com\/wp-content\/uploads\/2024\/02\/timur-12x12.webp 12w, https:\/\/www.aclinicadent.com\/wp-content\/uploads\/2024\/02\/timur.webp 1000w\" sizes=\"(max-width: 768px) 100vw, 768px\" \/>            <\/div>\n\n    <!--     array(1) {\n  [\"type\"]=>\n  string(4) \"none\"\n}\n     -->\n\n        \n\n    <div class=\"doctor_box_content\">\n        <h3 class=\"doctor_box_title\">\u062f.\u062a. \u062a\u064a\u0645\u0648\u0631 \u062c\u0648\u0644\u062a\u0643\u064a\u0646<\/h3>\n\n            <\/div>\n\n    <a href=\"https:\/\/www.aclinicadent.com\/ar\/doctor\/dt-timur-gultekin-2\/\" class=\"doctor_box_link\"><\/a>\n<\/div>\n<\/div><div class=\"filter_item mix col-lg-3 col-md-6 col-sm-12 protetik-dis-hekimligi-protez\">\n<div class=\"doctor_box\">\n    <div class=\"doctor_box_img\">\n        <img decoding=\"async\" width=\"768\" height=\"768\" src=\"https:\/\/www.aclinicadent.com\/wp-content\/uploads\/2024\/01\/ekin-768x768.webp\" class=\"attachment-medium_large size-medium_large wp-post-image\" alt=\"\" srcset=\"https:\/\/www.aclinicadent.com\/wp-content\/uploads\/2024\/01\/ekin-768x768.webp 768w, https:\/\/www.aclinicadent.com\/wp-content\/uploads\/2024\/01\/ekin-300x300.webp 300w, https:\/\/www.aclinicadent.com\/wp-content\/uploads\/2024\/01\/ekin-150x150.webp 150w, https:\/\/www.aclinicadent.com\/wp-content\/uploads\/2024\/01\/ekin-12x12.webp 12w, https:\/\/www.aclinicadent.com\/wp-content\/uploads\/2024\/01\/ekin.webp 1000w\" sizes=\"(max-width: 768px) 100vw, 768px\" \/>            <\/div>\n\n    <!--     array(1) {\n  [\"type\"]=>\n  string(4) \"none\"\n}\n     -->\n\n        \n\n    <div class=\"doctor_box_content\">\n        <h3 class=\"doctor_box_title\">\u062f.\u062a. \u0625\u064a\u0643\u064a\u0646 \u062c\u0648\u0643\u0645\u0627\u0646 \u0623\u0643\u0645\u0627\u0646\u0633\u0648<\/h3>\n\n            <\/div>\n\n    <a href=\"https:\/\/www.aclinicadent.com\/ar\/doctor\/dt-ekin-gokmen-akmansu-2\/\" class=\"doctor_box_link\"><\/a>\n<\/div>\n<\/div><div class=\"filter_item mix col-lg-3 col-md-6 col-sm-12 protetik-dis-hekimligi-protez\">\n<div class=\"doctor_box\">\n    <div class=\"doctor_box_img\">\n        <img loading=\"lazy\" decoding=\"async\" width=\"768\" height=\"768\" src=\"https:\/\/www.aclinicadent.com\/wp-content\/uploads\/2023\/12\/hakan-768x768.webp\" class=\"attachment-medium_large size-medium_large wp-post-image\" alt=\"\" srcset=\"https:\/\/www.aclinicadent.com\/wp-content\/uploads\/2023\/12\/hakan-768x768.webp 768w, https:\/\/www.aclinicadent.com\/wp-content\/uploads\/2023\/12\/hakan-300x300.webp 300w, https:\/\/www.aclinicadent.com\/wp-content\/uploads\/2023\/12\/hakan-150x150.webp 150w, https:\/\/www.aclinicadent.com\/wp-content\/uploads\/2023\/12\/hakan-12x12.webp 12w, https:\/\/www.aclinicadent.com\/wp-content\/uploads\/2023\/12\/hakan.webp 1000w\" sizes=\"(max-width: 768px) 100vw, 768px\" \/>            <\/div>\n\n    <!--     array(1) {\n  [\"type\"]=>\n  string(4) \"none\"\n}\n     -->\n\n        \n\n    <div class=\"doctor_box_content\">\n        <h3 class=\"doctor_box_title\">\u0645\u062a\u062e\u0635\u0635 \u062f.\u062a. \u0647\u0627\u0643\u0627\u0646 \u0623\u0648\u0646\u0633\u0627\u0644<\/h3>\n\n            <\/div>\n\n    <a href=\"https:\/\/www.aclinicadent.com\/ar\/doctor\/uzm-dt-hakan-unsal\/\" class=\"doctor_box_link\"><\/a>\n<\/div>\n<\/div><div class=\"filter_item mix col-lg-3 col-md-6 col-sm-12 pedodonti-cocuk-dis-hekimligi\">\n<div class=\"doctor_box\">\n    <div class=\"doctor_box_img\">\n        <img loading=\"lazy\" decoding=\"async\" width=\"768\" height=\"768\" src=\"https:\/\/www.aclinicadent.com\/wp-content\/uploads\/2023\/11\/betul-768x768.webp\" class=\"attachment-medium_large size-medium_large wp-post-image\" alt=\"\" srcset=\"https:\/\/www.aclinicadent.com\/wp-content\/uploads\/2023\/11\/betul-768x768.webp 768w, https:\/\/www.aclinicadent.com\/wp-content\/uploads\/2023\/11\/betul-300x300.webp 300w, https:\/\/www.aclinicadent.com\/wp-content\/uploads\/2023\/11\/betul-150x150.webp 150w, https:\/\/www.aclinicadent.com\/wp-content\/uploads\/2023\/11\/betul-12x12.webp 12w, https:\/\/www.aclinicadent.com\/wp-content\/uploads\/2023\/11\/betul.webp 1000w\" sizes=\"(max-width: 768px) 100vw, 768px\" \/>            <\/div>\n\n    <!--     array(1) {\n  [\"type\"]=>\n  string(4) \"none\"\n}\n     -->\n\n        \n\n    <div class=\"doctor_box_content\">\n        <h3 class=\"doctor_box_title\">\u062f\u062a. \u0628\u064a\u062a\u0648\u0644 \u0643\u064a\u0643\u0627\u0646\u0627 \u0623\u0648\u063a\u0644\u0648<\/h3>\n\n            <\/div>\n\n    <a href=\"https:\/\/www.aclinicadent.com\/ar\/doctor\/dt-betul-kicanaoglu\/\" class=\"doctor_box_link\"><\/a>\n<\/div>\n<\/div><div class=\"filter_item mix col-lg-3 col-md-6 col-sm-12 genel-dis-hekimi\">\n<div class=\"doctor_box\">\n    <div class=\"doctor_box_img\">\n        <img loading=\"lazy\" decoding=\"async\" width=\"768\" height=\"768\" src=\"https:\/\/www.aclinicadent.com\/wp-content\/uploads\/2023\/10\/irem-768x768.webp\" class=\"attachment-medium_large size-medium_large wp-post-image\" alt=\"\" srcset=\"https:\/\/www.aclinicadent.com\/wp-content\/uploads\/2023\/10\/irem-768x768.webp 768w, https:\/\/www.aclinicadent.com\/wp-content\/uploads\/2023\/10\/irem-300x300.webp 300w, https:\/\/www.aclinicadent.com\/wp-content\/uploads\/2023\/10\/irem-150x150.webp 150w, https:\/\/www.aclinicadent.com\/wp-content\/uploads\/2023\/10\/irem-12x12.webp 12w, https:\/\/www.aclinicadent.com\/wp-content\/uploads\/2023\/10\/irem.webp 1000w\" sizes=\"(max-width: 768px) 100vw, 768px\" \/>            <\/div>\n\n    <!--     array(1) {\n  [\"type\"]=>\n  string(4) \"none\"\n}\n     -->\n\n        \n\n    <div class=\"doctor_box_content\">\n        <h3 class=\"doctor_box_title\">\u062f.\u062a. \u0625\u0631\u064a\u0645 \u0623\u0643\u0627\u064a<\/h3>\n\n            <\/div>\n\n    <a href=\"https:\/\/www.aclinicadent.com\/ar\/doctor\/dt-irem-acay\/\" class=\"doctor_box_link\"><\/a>\n<\/div>\n<\/div><div class=\"filter_item mix col-lg-3 col-md-6 col-sm-12 genel-dis-hekimi\">\n<div class=\"doctor_box\">\n    <div class=\"doctor_box_img\">\n        <img loading=\"lazy\" decoding=\"async\" width=\"768\" height=\"768\" src=\"https:\/\/www.aclinicadent.com\/wp-content\/uploads\/2023\/09\/sevil-768x768.webp\" class=\"attachment-medium_large size-medium_large wp-post-image\" alt=\"\" srcset=\"https:\/\/www.aclinicadent.com\/wp-content\/uploads\/2023\/09\/sevil-768x768.webp 768w, https:\/\/www.aclinicadent.com\/wp-content\/uploads\/2023\/09\/sevil-300x300.webp 300w, https:\/\/www.aclinicadent.com\/wp-content\/uploads\/2023\/09\/sevil-150x150.webp 150w, https:\/\/www.aclinicadent.com\/wp-content\/uploads\/2023\/09\/sevil-12x12.webp 12w, https:\/\/www.aclinicadent.com\/wp-content\/uploads\/2023\/09\/sevil.webp 1000w\" sizes=\"(max-width: 768px) 100vw, 768px\" \/>            <\/div>\n\n    <!--     array(1) {\n  [\"type\"]=>\n  string(4) \"none\"\n}\n     -->\n\n        \n\n    <div class=\"doctor_box_content\">\n        <h3 class=\"doctor_box_title\">\u062f\u062a. \u0633\u064a\u0641\u064a\u0644 \u0625\u064a\u0631\u064a\u0627\u0634\u0627\u0631<\/h3>\n\n            <\/div>\n\n    <a href=\"https:\/\/www.aclinicadent.com\/ar\/doctor\/dt-sevil-eryasar\/\" class=\"doctor_box_link\"><\/a>\n<\/div>\n<\/div><div class=\"filter_item mix col-lg-3 col-md-6 col-sm-12 genel-dis-hekimi periodontoloji-dis-eti-hastaliklari\">\n<div class=\"doctor_box\">\n    <div class=\"doctor_box_img\">\n        <img loading=\"lazy\" decoding=\"async\" width=\"768\" height=\"768\" src=\"https:\/\/www.aclinicadent.com\/wp-content\/uploads\/2023\/08\/zeynep-768x768.webp\" class=\"attachment-medium_large size-medium_large wp-post-image\" alt=\"\" srcset=\"https:\/\/www.aclinicadent.com\/wp-content\/uploads\/2023\/08\/zeynep-768x768.webp 768w, https:\/\/www.aclinicadent.com\/wp-content\/uploads\/2023\/08\/zeynep-300x300.webp 300w, https:\/\/www.aclinicadent.com\/wp-content\/uploads\/2023\/08\/zeynep-150x150.webp 150w, https:\/\/www.aclinicadent.com\/wp-content\/uploads\/2023\/08\/zeynep-12x12.webp 12w, https:\/\/www.aclinicadent.com\/wp-content\/uploads\/2023\/08\/zeynep.webp 1000w\" sizes=\"(max-width: 768px) 100vw, 768px\" \/>            <\/div>\n\n    <!--     array(1) {\n  [\"type\"]=>\n  string(4) \"none\"\n}\n     -->\n\n        \n\n    <div class=\"doctor_box_content\">\n        <h3 class=\"doctor_box_title\">\u062f\u062a. \u0632\u064a\u0646\u0628 \u0628\u0627\u0644<\/h3>\n\n            <\/div>\n\n    <a href=\"https:\/\/www.aclinicadent.com\/ar\/doctor\/dt-zeynep-bal\/\" class=\"doctor_box_link\"><\/a>\n<\/div>\n<\/div><\/div>        <\/div>\n        \t\t\t\t<\/div>\n\t\t\t\t<\/div>\n\t\t\t\t\t<\/div>\n\t\t<\/div>\n\t\t\t\t\t<\/div>\n\t\t<\/section>\n\t\t\t\t<\/div>","protected":false},"excerpt":{"rendered":"<p>A\u011f\u0131z ve Di\u015f \u00c7ene Cerrahisi Genel Di\u015f Hekimi Ortodonti Pedodonti (\u00c7ocuk Di\u015f Hekimli\u011fi) Protetik Di\u015f Hekimli\u011fi (Protez) Dr. Dt. Koralp Kozan DT. Venda Salek Salami DT. Can Ahmed \u00dcnal DT. Timur G\u00fcltekin Dt. Deniz\u00a0G\u00fcrb\u00fcz Dt. Ekin G\u00f6kmen Akmansu Uzm. Dt. Hakan \u00dcnsal Dt. Bet\u00fcl K\u0131canao\u011flu Dt. \u0130rem Acay Dt. Sevil ERYA\u015eAR Dt. Zeynep BAL<\/p>","protected":false},"author":1,"featured_media":0,"parent":0,"menu_order":0,"comment_status":"closed","ping_status":"closed","template":"template\/template-page.php","meta":{"footnotes":""},"class_list":["post-2306","page","type-page","status-publish","hentry"],"_links":{"self":[{"href":"https:\/\/www.aclinicadent.com\/ar\/wp-json\/wp\/v2\/pages\/2306","targetHints":{"allow":["GET"]}}],"collection":[{"href":"https:\/\/www.aclinicadent.com\/ar\/wp-json\/wp\/v2\/pages"}],"about":[{"href":"https:\/\/www.aclinicadent.com\/ar\/wp-json\/wp\/v2\/types\/page"}],"author":[{"embeddable":true,"href":"https:\/\/www.aclinicadent.com\/ar\/wp-json\/wp\/v2\/users\/1"}],"replies":[{"embeddable":true,"href":"https:\/\/www.aclinicadent.com\/ar\/wp-json\/wp\/v2\/comments?post=2306"}],"version-history":[{"count":20,"href":"https:\/\/www.aclinicadent.com\/ar\/wp-json\/wp\/v2\/pages\/2306\/revisions"}],"predecessor-version":[{"id":6415,"href":"https:\/\/www.aclinicadent.com\/ar\/wp-json\/wp\/v2\/pages\/2306\/revisions\/6415"}],"wp:attachment":[{"href":"https:\/\/www.aclinicadent.com\/ar\/wp-json\/wp\/v2\/media?parent=2306"}],"curies":[{"name":"wp","href":"https:\/\/api.w.org\/{rel}","templated":true}]}}