{"id":6702,"date":"2019-09-13T10:08:26","date_gmt":"2019-09-13T10:08:26","guid":{"rendered":"https:\/\/www.aclinicadent.com\/?page_id=6702"},"modified":"2025-09-07T11:19:51","modified_gmt":"2025-09-07T11:19:51","slug":"ekibimiz","status":"publish","type":"page","link":"https:\/\/www.aclinicadent.com\/de\/ekibimiz\/","title":{"rendered":"Ekibimiz"},"content":{"rendered":"<div data-elementor-type=\"wp-page\" data-elementor-id=\"6702\" class=\"elementor elementor-6702\">\n\t\t\t\t\t\t<section class=\"elementor-section elementor-top-section elementor-element elementor-element-2d3d07d elementor-section-full_width elementor-section-height-default elementor-section-height-default\" data-id=\"2d3d07d\" data-element_type=\"section\" data-e-type=\"section\">\n\t\t\t\t\t\t<div class=\"elementor-container elementor-column-gap-default\">\n\t\t\t\t\t<div class=\"elementor-column elementor-col-33 elementor-top-column elementor-element elementor-element-6bccd4c\" data-id=\"6bccd4c\" data-element_type=\"column\" data-e-type=\"column\">\n\t\t\t<div class=\"elementor-widget-wrap elementor-element-populated\">\n\t\t\t\t\t\t<div class=\"elementor-element elementor-element-bc80f4f elementor-widget elementor-widget-image\" data-id=\"bc80f4f\" data-element_type=\"widget\" data-e-type=\"widget\" data-widget_type=\"image.default\">\n\t\t\t\t<div class=\"elementor-widget-container\">\n\t\t\t\t\t\t\t\t\t\t\t\t\t\t\t<img fetchpriority=\"high\" decoding=\"async\" width=\"768\" height=\"1024\" src=\"https:\/\/www.aclinicadent.com\/wp-content\/uploads\/2025\/07\/Selen-Nur-Ulamis-768x1024.jpg\" class=\"attachment-large size-large wp-image-6708\" alt=\"\" srcset=\"https:\/\/www.aclinicadent.com\/wp-content\/uploads\/2025\/07\/Selen-Nur-Ulamis-768x1024.jpg 768w, https:\/\/www.aclinicadent.com\/wp-content\/uploads\/2025\/07\/Selen-Nur-Ulamis-225x300.jpg 225w, https:\/\/www.aclinicadent.com\/wp-content\/uploads\/2025\/07\/Selen-Nur-Ulamis-1152x1536.jpg 1152w, https:\/\/www.aclinicadent.com\/wp-content\/uploads\/2025\/07\/Selen-Nur-Ulamis-9x12.jpg 9w, https:\/\/www.aclinicadent.com\/wp-content\/uploads\/2025\/07\/Selen-Nur-Ulamis.jpg 1200w\" sizes=\"(max-width: 768px) 100vw, 768px\" \/>\t\t\t\t\t\t\t\t\t\t\t\t\t\t\t<\/div>\n\t\t\t\t<\/div>\n\t\t\t\t<div class=\"elementor-element elementor-element-f4e6f76 elementor-widget elementor-widget-text-editor\" data-id=\"f4e6f76\" data-element_type=\"widget\" data-e-type=\"widget\" data-widget_type=\"text-editor.default\">\n\t\t\t\t<div class=\"elementor-widget-container\">\n\t\t\t\t\t\t\t\t\t<h2 style=\"text-align: center;\"><span style=\"text-decoration: underline;\">Selen Nur Ulam\u0131\u015f<\/span><\/h2><h4 style=\"text-align: center;\">Di\u015f Hekimi Asistan\u0131<\/h4>\t\t\t\t\t\t\t\t<\/div>\n\t\t\t\t<\/div>\n\t\t\t\t\t<\/div>\n\t\t<\/div>\n\t\t\t\t<div class=\"elementor-column elementor-col-33 elementor-top-column elementor-element elementor-element-e6c9c82\" data-id=\"e6c9c82\" data-element_type=\"column\" data-e-type=\"column\">\n\t\t\t<div class=\"elementor-widget-wrap elementor-element-populated\">\n\t\t\t\t\t\t<div class=\"elementor-element elementor-element-2c0a2c9 elementor-widget elementor-widget-image\" data-id=\"2c0a2c9\" data-element_type=\"widget\" data-e-type=\"widget\" data-widget_type=\"image.default\">\n\t\t\t\t<div class=\"elementor-widget-container\">\n\t\t\t\t\t\t\t\t\t\t\t\t\t\t\t<img decoding=\"async\" width=\"768\" height=\"1024\" src=\"https:\/\/www.aclinicadent.com\/wp-content\/uploads\/2025\/07\/Busra-Demir-768x1024.jpg\" class=\"attachment-large size-large wp-image-6707\" alt=\"\" srcset=\"https:\/\/www.aclinicadent.com\/wp-content\/uploads\/2025\/07\/Busra-Demir-768x1024.jpg 768w, https:\/\/www.aclinicadent.com\/wp-content\/uploads\/2025\/07\/Busra-Demir-225x300.jpg 225w, https:\/\/www.aclinicadent.com\/wp-content\/uploads\/2025\/07\/Busra-Demir-1152x1536.jpg 1152w, https:\/\/www.aclinicadent.com\/wp-content\/uploads\/2025\/07\/Busra-Demir-9x12.jpg 9w, https:\/\/www.aclinicadent.com\/wp-content\/uploads\/2025\/07\/Busra-Demir.jpg 1200w\" sizes=\"(max-width: 768px) 100vw, 768px\" \/>\t\t\t\t\t\t\t\t\t\t\t\t\t\t\t<\/div>\n\t\t\t\t<\/div>\n\t\t\t\t<div class=\"elementor-element elementor-element-54d10c8 elementor-widget elementor-widget-text-editor\" data-id=\"54d10c8\" data-element_type=\"widget\" data-e-type=\"widget\" data-widget_type=\"text-editor.default\">\n\t\t\t\t<div class=\"elementor-widget-container\">\n\t\t\t\t\t\t\t\t\t<h2 style=\"text-align: center;\"><span style=\"text-decoration: underline;\">B\u00fc\u015fra Demir<\/span><\/h2><h4 style=\"text-align: center;\">Di\u015f Hekimi Asistan\u0131<\/h4>\t\t\t\t\t\t\t\t<\/div>\n\t\t\t\t<\/div>\n\t\t\t\t\t<\/div>\n\t\t<\/div>\n\t\t\t\t<div class=\"elementor-column elementor-col-33 elementor-top-column elementor-element elementor-element-e64e4b0\" data-id=\"e64e4b0\" data-element_type=\"column\" data-e-type=\"column\">\n\t\t\t<div class=\"elementor-widget-wrap elementor-element-populated\">\n\t\t\t\t\t\t<div class=\"elementor-element elementor-element-1c8f0fb elementor-widget elementor-widget-image\" data-id=\"1c8f0fb\" data-element_type=\"widget\" data-e-type=\"widget\" data-widget_type=\"image.default\">\n\t\t\t\t<div class=\"elementor-widget-container\">\n\t\t\t\t\t\t\t\t\t\t\t\t\t\t\t<img decoding=\"async\" width=\"768\" height=\"1024\" src=\"https:\/\/www.aclinicadent.com\/wp-content\/uploads\/2025\/07\/Gulizar-Kiziltarla-768x1024.jpg\" class=\"attachment-large size-large wp-image-6706\" alt=\"\" srcset=\"https:\/\/www.aclinicadent.com\/wp-content\/uploads\/2025\/07\/Gulizar-Kiziltarla-768x1024.jpg 768w, https:\/\/www.aclinicadent.com\/wp-content\/uploads\/2025\/07\/Gulizar-Kiziltarla-225x300.jpg 225w, https:\/\/www.aclinicadent.com\/wp-content\/uploads\/2025\/07\/Gulizar-Kiziltarla-1152x1536.jpg 1152w, https:\/\/www.aclinicadent.com\/wp-content\/uploads\/2025\/07\/Gulizar-Kiziltarla-9x12.jpg 9w, https:\/\/www.aclinicadent.com\/wp-content\/uploads\/2025\/07\/Gulizar-Kiziltarla.jpg 1200w\" sizes=\"(max-width: 768px) 100vw, 768px\" \/>\t\t\t\t\t\t\t\t\t\t\t\t\t\t\t<\/div>\n\t\t\t\t<\/div>\n\t\t\t\t<div class=\"elementor-element elementor-element-23e05b2 elementor-widget elementor-widget-text-editor\" data-id=\"23e05b2\" data-element_type=\"widget\" data-e-type=\"widget\" data-widget_type=\"text-editor.default\">\n\t\t\t\t<div class=\"elementor-widget-container\">\n\t\t\t\t\t\t\t\t\t<h2 style=\"text-align: center;\"><span style=\"text-decoration: underline;\">G\u00fclizar K\u0131z\u0131ltarla<\/span><\/h2><h4 style=\"text-align: center;\">Di\u015f Hekimi Asistan\u0131<\/h4>\t\t\t\t\t\t\t\t<\/div>\n\t\t\t\t<\/div>\n\t\t\t\t\t<\/div>\n\t\t<\/div>\n\t\t\t\t\t<\/div>\n\t\t<\/section>\n\t\t\t\t<section class=\"elementor-section elementor-top-section elementor-element elementor-element-6c5383e elementor-section-boxed elementor-section-height-default elementor-section-height-default\" data-id=\"6c5383e\" data-element_type=\"section\" data-e-type=\"section\">\n\t\t\t\t\t\t<div class=\"elementor-container elementor-column-gap-default\">\n\t\t\t\t\t<div class=\"elementor-column elementor-col-33 elementor-top-column elementor-element elementor-element-aad599e\" data-id=\"aad599e\" data-element_type=\"column\" data-e-type=\"column\">\n\t\t\t<div class=\"elementor-widget-wrap\">\n\t\t\t\t\t\t\t<\/div>\n\t\t<\/div>\n\t\t\t\t<div class=\"elementor-column elementor-col-33 elementor-top-column elementor-element elementor-element-5fd6a8c\" data-id=\"5fd6a8c\" data-element_type=\"column\" data-e-type=\"column\">\n\t\t\t<div class=\"elementor-widget-wrap\">\n\t\t\t\t\t\t\t<\/div>\n\t\t<\/div>\n\t\t\t\t<div class=\"elementor-column elementor-col-33 elementor-top-column elementor-element elementor-element-e9aed56\" data-id=\"e9aed56\" data-element_type=\"column\" data-e-type=\"column\">\n\t\t\t<div class=\"elementor-widget-wrap\">\n\t\t\t\t\t\t\t<\/div>\n\t\t<\/div>\n\t\t\t\t\t<\/div>\n\t\t<\/section>\n\t\t\t\t<\/div>","protected":false},"excerpt":{"rendered":"<p>Selen Nur Ulam\u0131\u015f Di\u015f Hekimi Asistan\u0131 B\u00fc\u015fra Demir Di\u015f Hekimi Asistan\u0131 G\u00fclizar K\u0131z\u0131ltarla Di\u015f Hekimi Asistan\u0131<\/p>","protected":false},"author":1,"featured_media":0,"parent":0,"menu_order":0,"comment_status":"closed","ping_status":"closed","template":"","meta":{"footnotes":""},"class_list":["post-6702","page","type-page","status-publish","hentry"],"_links":{"self":[{"href":"https:\/\/www.aclinicadent.com\/de\/wp-json\/wp\/v2\/pages\/6702","targetHints":{"allow":["GET"]}}],"collection":[{"href":"https:\/\/www.aclinicadent.com\/de\/wp-json\/wp\/v2\/pages"}],"about":[{"href":"https:\/\/www.aclinicadent.com\/de\/wp-json\/wp\/v2\/types\/page"}],"author":[{"embeddable":true,"href":"https:\/\/www.aclinicadent.com\/de\/wp-json\/wp\/v2\/users\/1"}],"replies":[{"embeddable":true,"href":"https:\/\/www.aclinicadent.com\/de\/wp-json\/wp\/v2\/comments?post=6702"}],"version-history":[{"count":26,"href":"https:\/\/www.aclinicadent.com\/de\/wp-json\/wp\/v2\/pages\/6702\/revisions"}],"predecessor-version":[{"id":6977,"href":"https:\/\/www.aclinicadent.com\/de\/wp-json\/wp\/v2\/pages\/6702\/revisions\/6977"}],"wp:attachment":[{"href":"https:\/\/www.aclinicadent.com\/de\/wp-json\/wp\/v2\/media?parent=6702"}],"curies":[{"name":"wp","href":"https:\/\/api.w.org\/{rel}","templated":true}]}}